{"id":1858,"date":"2026-03-11T22:03:56","date_gmt":"2026-03-11T22:03:56","guid":{"rendered":"https:\/\/surtiglobos.bcardmexico.com\/?post_type=product&#038;p=1858"},"modified":"2026-03-11T22:06:11","modified_gmt":"2026-03-11T22:06:11","slug":"globo-numeros-40cm-corona","status":"publish","type":"product","link":"https:\/\/surtiglobos.bcardmexico.com\/?product=globo-numeros-40cm-corona","title":{"rendered":"Globo Numeros 40cm Corona"},"content":{"rendered":"<p>Globo en forma de n\u00famero Se puede usar en cumplea\u00f1os, aniversarios o como se\u00f1alizaci\u00f3n<\/p>\n","protected":false},"excerpt":{"rendered":"<p>Globo en acabado metalizado, puede colgarse o pegar, se requiere de algun cord\u00f3n, hilo o ahdesivo, se necesita bomba de aire<\/p>\n<p>Medidas del producto: 40.6cm<\/p>\n<p>Cantidad en empaque: 1pz<\/p>\n<p>Material: Papel aluminio<\/p>\n","protected":false},"featured_media":1859,"comment_status":"open","ping_status":"closed","template":"","meta":[],"etheme_brands":[],"product_brand":[],"product_cat":[59],"product_tag":[],"class_list":{"0":"post-1858","1":"product","2":"type-product","3":"status-publish","4":"has-post-thumbnail","6":"product_cat-numeros","8":"first","9":"instock","10":"shipping-taxable","11":"product-type-simple"},"yoast_head":"<!-- This site is optimized with the Yoast SEO Premium plugin v23.4 (Yoast SEO v23.4) - https:\/\/yoast.com\/wordpress\/plugins\/seo\/ -->\n<title>Globo Numeros 40cm Corona - SurtiGlobos<\/title>\n<meta name=\"robots\" content=\"index, follow, max-snippet:-1, max-image-preview:large, max-video-preview:-1\" \/>\n<link rel=\"canonical\" href=\"https:\/\/surtiglobos.bcardmexico.com\/?product=globo-numeros-40cm-corona\" \/>\n<meta property=\"og:locale\" content=\"es_MX\" \/>\n<meta property=\"og:type\" content=\"article\" \/>\n<meta property=\"og:title\" content=\"Globo Numeros 40cm Corona\" \/>\n<meta property=\"og:description\" content=\"Globo en acabado metalizado, puede colgarse o pegar, se requiere de algun cord\u00f3n, hilo o ahdesivo, se necesita bomba de aire   Medidas del producto: 40.6cm  Cantidad en empaque: 1pz  Material: Papel aluminio\" \/>\n<meta property=\"og:url\" content=\"https:\/\/surtiglobos.bcardmexico.com\/?product=globo-numeros-40cm-corona\" \/>\n<meta property=\"og:site_name\" content=\"SurtiGlobos\" \/>\n<meta property=\"article:modified_time\" content=\"2026-03-11T22:06:11+00:00\" \/>\n<meta property=\"og:image\" content=\"https:\/\/surtiglobos.bcardmexico.com\/wp-content\/uploads\/2026\/03\/Num-40-corona.png\" \/>\n\t<meta property=\"og:image:width\" content=\"1080\" \/>\n\t<meta property=\"og:image:height\" content=\"1080\" \/>\n\t<meta property=\"og:image:type\" content=\"image\/png\" \/>\n<meta name=\"twitter:card\" content=\"summary_large_image\" \/>\n<script type=\"application\/ld+json\" class=\"yoast-schema-graph\">{\"@context\":\"https:\/\/schema.org\",\"@graph\":[{\"@type\":\"WebPage\",\"@id\":\"https:\/\/surtiglobos.bcardmexico.com\/?product=globo-numeros-40cm-corona\",\"url\":\"https:\/\/surtiglobos.bcardmexico.com\/?product=globo-numeros-40cm-corona\",\"name\":\"Globo Numeros 40cm Corona - SurtiGlobos\",\"isPartOf\":{\"@id\":\"https:\/\/surtiglobos.bcardmexico.com\/#website\"},\"primaryImageOfPage\":{\"@id\":\"https:\/\/surtiglobos.bcardmexico.com\/?product=globo-numeros-40cm-corona#primaryimage\"},\"image\":{\"@id\":\"https:\/\/surtiglobos.bcardmexico.com\/?product=globo-numeros-40cm-corona#primaryimage\"},\"thumbnailUrl\":\"https:\/\/surtiglobos.bcardmexico.com\/wp-content\/uploads\/2026\/03\/Num-40-corona.png\",\"datePublished\":\"2026-03-11T22:03:56+00:00\",\"dateModified\":\"2026-03-11T22:06:11+00:00\",\"breadcrumb\":{\"@id\":\"https:\/\/surtiglobos.bcardmexico.com\/?product=globo-numeros-40cm-corona#breadcrumb\"},\"inLanguage\":\"es\",\"potentialAction\":[{\"@type\":\"ReadAction\",\"target\":[\"https:\/\/surtiglobos.bcardmexico.com\/?product=globo-numeros-40cm-corona\"]}]},{\"@type\":\"ImageObject\",\"inLanguage\":\"es\",\"@id\":\"https:\/\/surtiglobos.bcardmexico.com\/?product=globo-numeros-40cm-corona#primaryimage\",\"url\":\"https:\/\/surtiglobos.bcardmexico.com\/wp-content\/uploads\/2026\/03\/Num-40-corona.png\",\"contentUrl\":\"https:\/\/surtiglobos.bcardmexico.com\/wp-content\/uploads\/2026\/03\/Num-40-corona.png\",\"width\":1080,\"height\":1080},{\"@type\":\"BreadcrumbList\",\"@id\":\"https:\/\/surtiglobos.bcardmexico.com\/?product=globo-numeros-40cm-corona#breadcrumb\",\"itemListElement\":[{\"@type\":\"ListItem\",\"position\":1,\"name\":\"Home\",\"item\":\"https:\/\/surtiglobos.bcardmexico.com\/\"},{\"@type\":\"ListItem\",\"position\":2,\"name\":\"Shop\",\"item\":\"https:\/\/surtiglobos.bcardmexico.com\/?page_id=12\"},{\"@type\":\"ListItem\",\"position\":3,\"name\":\"Globo Numeros 40cm Corona\"}]},{\"@type\":\"WebSite\",\"@id\":\"https:\/\/surtiglobos.bcardmexico.com\/#website\",\"url\":\"https:\/\/surtiglobos.bcardmexico.com\/\",\"name\":\"Surti Globos\",\"description\":\"\",\"publisher\":{\"@id\":\"https:\/\/surtiglobos.bcardmexico.com\/#organization\"},\"alternateName\":\"Surti Globos\",\"potentialAction\":[{\"@type\":\"SearchAction\",\"target\":{\"@type\":\"EntryPoint\",\"urlTemplate\":\"https:\/\/surtiglobos.bcardmexico.com\/?s={search_term_string}\"},\"query-input\":{\"@type\":\"PropertyValueSpecification\",\"valueRequired\":true,\"valueName\":\"search_term_string\"}}],\"inLanguage\":\"es\"},{\"@type\":\"Organization\",\"@id\":\"https:\/\/surtiglobos.bcardmexico.com\/#organization\",\"name\":\"Surti Globos\",\"url\":\"https:\/\/surtiglobos.bcardmexico.com\/\",\"logo\":{\"@type\":\"ImageObject\",\"inLanguage\":\"es\",\"@id\":\"https:\/\/surtiglobos.bcardmexico.com\/#\/schema\/logo\/image\/\",\"url\":\"https:\/\/surtiglobos.bcardmexico.com\/wp-content\/uploads\/2023\/01\/Logo-1.png\",\"contentUrl\":\"https:\/\/surtiglobos.bcardmexico.com\/wp-content\/uploads\/2023\/01\/Logo-1.png\",\"width\":306,\"height\":72,\"caption\":\"Surti Globos\"},\"image\":{\"@id\":\"https:\/\/surtiglobos.bcardmexico.com\/#\/schema\/logo\/image\/\"}}]}<\/script>\n<!-- \/ Yoast SEO Premium plugin. -->","yoast_head_json":{"title":"Globo Numeros 40cm Corona - SurtiGlobos","robots":{"index":"index","follow":"follow","max-snippet":"max-snippet:-1","max-image-preview":"max-image-preview:large","max-video-preview":"max-video-preview:-1"},"canonical":"https:\/\/surtiglobos.bcardmexico.com\/?product=globo-numeros-40cm-corona","og_locale":"es_MX","og_type":"article","og_title":"Globo Numeros 40cm Corona","og_description":"Globo en acabado metalizado, puede colgarse o pegar, se requiere de algun cord\u00f3n, hilo o ahdesivo, se necesita bomba de aire   Medidas del producto: 40.6cm  Cantidad en empaque: 1pz  Material: Papel aluminio","og_url":"https:\/\/surtiglobos.bcardmexico.com\/?product=globo-numeros-40cm-corona","og_site_name":"SurtiGlobos","article_modified_time":"2026-03-11T22:06:11+00:00","og_image":[{"width":1080,"height":1080,"url":"https:\/\/surtiglobos.bcardmexico.com\/wp-content\/uploads\/2026\/03\/Num-40-corona.png","type":"image\/png"}],"twitter_card":"summary_large_image","schema":{"@context":"https:\/\/schema.org","@graph":[{"@type":"WebPage","@id":"https:\/\/surtiglobos.bcardmexico.com\/?product=globo-numeros-40cm-corona","url":"https:\/\/surtiglobos.bcardmexico.com\/?product=globo-numeros-40cm-corona","name":"Globo Numeros 40cm Corona - SurtiGlobos","isPartOf":{"@id":"https:\/\/surtiglobos.bcardmexico.com\/#website"},"primaryImageOfPage":{"@id":"https:\/\/surtiglobos.bcardmexico.com\/?product=globo-numeros-40cm-corona#primaryimage"},"image":{"@id":"https:\/\/surtiglobos.bcardmexico.com\/?product=globo-numeros-40cm-corona#primaryimage"},"thumbnailUrl":"https:\/\/surtiglobos.bcardmexico.com\/wp-content\/uploads\/2026\/03\/Num-40-corona.png","datePublished":"2026-03-11T22:03:56+00:00","dateModified":"2026-03-11T22:06:11+00:00","breadcrumb":{"@id":"https:\/\/surtiglobos.bcardmexico.com\/?product=globo-numeros-40cm-corona#breadcrumb"},"inLanguage":"es","potentialAction":[{"@type":"ReadAction","target":["https:\/\/surtiglobos.bcardmexico.com\/?product=globo-numeros-40cm-corona"]}]},{"@type":"ImageObject","inLanguage":"es","@id":"https:\/\/surtiglobos.bcardmexico.com\/?product=globo-numeros-40cm-corona#primaryimage","url":"https:\/\/surtiglobos.bcardmexico.com\/wp-content\/uploads\/2026\/03\/Num-40-corona.png","contentUrl":"https:\/\/surtiglobos.bcardmexico.com\/wp-content\/uploads\/2026\/03\/Num-40-corona.png","width":1080,"height":1080},{"@type":"BreadcrumbList","@id":"https:\/\/surtiglobos.bcardmexico.com\/?product=globo-numeros-40cm-corona#breadcrumb","itemListElement":[{"@type":"ListItem","position":1,"name":"Home","item":"https:\/\/surtiglobos.bcardmexico.com\/"},{"@type":"ListItem","position":2,"name":"Shop","item":"https:\/\/surtiglobos.bcardmexico.com\/?page_id=12"},{"@type":"ListItem","position":3,"name":"Globo Numeros 40cm Corona"}]},{"@type":"WebSite","@id":"https:\/\/surtiglobos.bcardmexico.com\/#website","url":"https:\/\/surtiglobos.bcardmexico.com\/","name":"Surti Globos","description":"","publisher":{"@id":"https:\/\/surtiglobos.bcardmexico.com\/#organization"},"alternateName":"Surti Globos","potentialAction":[{"@type":"SearchAction","target":{"@type":"EntryPoint","urlTemplate":"https:\/\/surtiglobos.bcardmexico.com\/?s={search_term_string}"},"query-input":{"@type":"PropertyValueSpecification","valueRequired":true,"valueName":"search_term_string"}}],"inLanguage":"es"},{"@type":"Organization","@id":"https:\/\/surtiglobos.bcardmexico.com\/#organization","name":"Surti Globos","url":"https:\/\/surtiglobos.bcardmexico.com\/","logo":{"@type":"ImageObject","inLanguage":"es","@id":"https:\/\/surtiglobos.bcardmexico.com\/#\/schema\/logo\/image\/","url":"https:\/\/surtiglobos.bcardmexico.com\/wp-content\/uploads\/2023\/01\/Logo-1.png","contentUrl":"https:\/\/surtiglobos.bcardmexico.com\/wp-content\/uploads\/2023\/01\/Logo-1.png","width":306,"height":72,"caption":"Surti Globos"},"image":{"@id":"https:\/\/surtiglobos.bcardmexico.com\/#\/schema\/logo\/image\/"}}]}},"_links":{"self":[{"href":"https:\/\/surtiglobos.bcardmexico.com\/index.php?rest_route=\/wp\/v2\/product\/1858","targetHints":{"allow":["GET"]}}],"collection":[{"href":"https:\/\/surtiglobos.bcardmexico.com\/index.php?rest_route=\/wp\/v2\/product"}],"about":[{"href":"https:\/\/surtiglobos.bcardmexico.com\/index.php?rest_route=\/wp\/v2\/types\/product"}],"replies":[{"embeddable":true,"href":"https:\/\/surtiglobos.bcardmexico.com\/index.php?rest_route=%2Fwp%2Fv2%2Fcomments&post=1858"}],"version-history":[{"count":1,"href":"https:\/\/surtiglobos.bcardmexico.com\/index.php?rest_route=\/wp\/v2\/product\/1858\/revisions"}],"predecessor-version":[{"id":1860,"href":"https:\/\/surtiglobos.bcardmexico.com\/index.php?rest_route=\/wp\/v2\/product\/1858\/revisions\/1860"}],"wp:featuredmedia":[{"embeddable":true,"href":"https:\/\/surtiglobos.bcardmexico.com\/index.php?rest_route=\/wp\/v2\/media\/1859"}],"wp:attachment":[{"href":"https:\/\/surtiglobos.bcardmexico.com\/index.php?rest_route=%2Fwp%2Fv2%2Fmedia&parent=1858"}],"wp:term":[{"taxonomy":"brand","embeddable":true,"href":"https:\/\/surtiglobos.bcardmexico.com\/index.php?rest_route=%2Fwp%2Fv2%2Fetheme_brands&post=1858"},{"taxonomy":"product_brand","embeddable":true,"href":"https:\/\/surtiglobos.bcardmexico.com\/index.php?rest_route=%2Fwp%2Fv2%2Fproduct_brand&post=1858"},{"taxonomy":"product_cat","embeddable":true,"href":"https:\/\/surtiglobos.bcardmexico.com\/index.php?rest_route=%2Fwp%2Fv2%2Fproduct_cat&post=1858"},{"taxonomy":"product_tag","embeddable":true,"href":"https:\/\/surtiglobos.bcardmexico.com\/index.php?rest_route=%2Fwp%2Fv2%2Fproduct_tag&post=1858"}],"curies":[{"name":"wp","href":"https:\/\/api.w.org\/{rel}","templated":true}]}}