{"id":1834,"date":"2026-03-11T21:54:22","date_gmt":"2026-03-11T21:54:22","guid":{"rendered":"https:\/\/surtiglobos.bcardmexico.com\/?post_type=product&#038;p=1834"},"modified":"2026-03-11T22:06:12","modified_gmt":"2026-03-11T22:06:12","slug":"latex-retro-hueso","status":"publish","type":"product","link":"https:\/\/surtiglobos.bcardmexico.com\/?product=latex-retro-hueso","title":{"rendered":"Latex Retro Hueso"},"content":{"rendered":"<p>Globos de decoraci\u00f3n profesional, Globos de champ\u00e1n, Globos de l\u00e1tex puro, Globos de helio que se pueden llenar $ Tama\u00f1o: Inflar a aproximadamente 5 pulgadas cada uno. $Agregue un color c\u00e1lido y alegre a una cena de Pascua, un baby shower de g\u00e9nero neutral, una fiesta en el jard\u00edn, una fiesta de cumplea\u00f1os para ni\u00f1as o una fiesta de verano.$Advertencia: \u00a1Estos globos contienen l\u00e1tex y se recomienda inflarlos con una bomba!$Cualquier comunicaci\u00f3n es cordialmente bienvenida. Los clientes tienen cualquier problema o preocupaci\u00f3n sobre el producto. Ser\u00e1 nuestro gran honor servirle. Recuerde que Nuestra Misi\u00f3n es Seguir Incrementando la Satisfacci\u00f3n del Cliente.<br \/>\nProducto de importaci\u00f3n No hay factura disponible<\/p>\n","protected":false},"excerpt":{"rendered":"<p>Especificaciones<\/p>\n<p>Ocasi\u00f3n<br \/>\nPascua<br \/>\nModelo \/ Estilo \/ Tipo<br \/>\nHMYH505<br \/>\nCantidad de Piezas<br \/>\n50<br \/>\nForma<br \/>\nC\u00edrculo<\/p>\n","protected":false},"featured_media":1835,"comment_status":"open","ping_status":"closed","template":"","meta":[],"etheme_brands":[],"product_brand":[],"product_cat":[60],"product_tag":[],"class_list":{"0":"post-1834","1":"product","2":"type-product","3":"status-publish","4":"has-post-thumbnail","6":"product_cat-latex-retro","8":"first","9":"instock","10":"shipping-taxable","11":"product-type-simple"},"yoast_head":"<!-- This site is optimized with the Yoast SEO Premium plugin v23.4 (Yoast SEO v23.4) - https:\/\/yoast.com\/wordpress\/plugins\/seo\/ -->\n<title>Latex Retro Hueso - SurtiGlobos<\/title>\n<meta name=\"robots\" content=\"index, follow, max-snippet:-1, max-image-preview:large, max-video-preview:-1\" \/>\n<link rel=\"canonical\" href=\"https:\/\/surtiglobos.bcardmexico.com\/?product=latex-retro-hueso\" \/>\n<meta property=\"og:locale\" content=\"es_MX\" \/>\n<meta property=\"og:type\" content=\"article\" \/>\n<meta property=\"og:title\" content=\"Latex Retro Hueso\" \/>\n<meta property=\"og:description\" content=\"Especificaciones  Ocasi\u00f3n Pascua Modelo \/ Estilo \/ Tipo HMYH505 Cantidad de Piezas 50 Forma C\u00edrculo\" \/>\n<meta property=\"og:url\" content=\"https:\/\/surtiglobos.bcardmexico.com\/?product=latex-retro-hueso\" \/>\n<meta property=\"og:site_name\" content=\"SurtiGlobos\" \/>\n<meta property=\"article:modified_time\" content=\"2026-03-11T22:06:12+00:00\" \/>\n<meta property=\"og:image\" content=\"https:\/\/surtiglobos.bcardmexico.com\/wp-content\/uploads\/2026\/03\/retro-hueso.png\" \/>\n\t<meta property=\"og:image:width\" content=\"1080\" \/>\n\t<meta property=\"og:image:height\" content=\"1080\" \/>\n\t<meta property=\"og:image:type\" content=\"image\/png\" \/>\n<meta name=\"twitter:card\" content=\"summary_large_image\" \/>\n<meta name=\"twitter:label1\" content=\"Tiempo de lectura\" \/>\n\t<meta name=\"twitter:data1\" content=\"1 minuto\" \/>\n<script type=\"application\/ld+json\" class=\"yoast-schema-graph\">{\"@context\":\"https:\/\/schema.org\",\"@graph\":[{\"@type\":\"WebPage\",\"@id\":\"https:\/\/surtiglobos.bcardmexico.com\/?product=latex-retro-hueso\",\"url\":\"https:\/\/surtiglobos.bcardmexico.com\/?product=latex-retro-hueso\",\"name\":\"Latex Retro Hueso - SurtiGlobos\",\"isPartOf\":{\"@id\":\"https:\/\/surtiglobos.bcardmexico.com\/#website\"},\"primaryImageOfPage\":{\"@id\":\"https:\/\/surtiglobos.bcardmexico.com\/?product=latex-retro-hueso#primaryimage\"},\"image\":{\"@id\":\"https:\/\/surtiglobos.bcardmexico.com\/?product=latex-retro-hueso#primaryimage\"},\"thumbnailUrl\":\"https:\/\/surtiglobos.bcardmexico.com\/wp-content\/uploads\/2026\/03\/retro-hueso.png\",\"datePublished\":\"2026-03-11T21:54:22+00:00\",\"dateModified\":\"2026-03-11T22:06:12+00:00\",\"breadcrumb\":{\"@id\":\"https:\/\/surtiglobos.bcardmexico.com\/?product=latex-retro-hueso#breadcrumb\"},\"inLanguage\":\"es\",\"potentialAction\":[{\"@type\":\"ReadAction\",\"target\":[\"https:\/\/surtiglobos.bcardmexico.com\/?product=latex-retro-hueso\"]}]},{\"@type\":\"ImageObject\",\"inLanguage\":\"es\",\"@id\":\"https:\/\/surtiglobos.bcardmexico.com\/?product=latex-retro-hueso#primaryimage\",\"url\":\"https:\/\/surtiglobos.bcardmexico.com\/wp-content\/uploads\/2026\/03\/retro-hueso.png\",\"contentUrl\":\"https:\/\/surtiglobos.bcardmexico.com\/wp-content\/uploads\/2026\/03\/retro-hueso.png\",\"width\":1080,\"height\":1080},{\"@type\":\"BreadcrumbList\",\"@id\":\"https:\/\/surtiglobos.bcardmexico.com\/?product=latex-retro-hueso#breadcrumb\",\"itemListElement\":[{\"@type\":\"ListItem\",\"position\":1,\"name\":\"Home\",\"item\":\"https:\/\/surtiglobos.bcardmexico.com\/\"},{\"@type\":\"ListItem\",\"position\":2,\"name\":\"Shop\",\"item\":\"https:\/\/surtiglobos.bcardmexico.com\/?page_id=12\"},{\"@type\":\"ListItem\",\"position\":3,\"name\":\"Latex Retro Hueso\"}]},{\"@type\":\"WebSite\",\"@id\":\"https:\/\/surtiglobos.bcardmexico.com\/#website\",\"url\":\"https:\/\/surtiglobos.bcardmexico.com\/\",\"name\":\"Surti Globos\",\"description\":\"\",\"publisher\":{\"@id\":\"https:\/\/surtiglobos.bcardmexico.com\/#organization\"},\"alternateName\":\"Surti Globos\",\"potentialAction\":[{\"@type\":\"SearchAction\",\"target\":{\"@type\":\"EntryPoint\",\"urlTemplate\":\"https:\/\/surtiglobos.bcardmexico.com\/?s={search_term_string}\"},\"query-input\":{\"@type\":\"PropertyValueSpecification\",\"valueRequired\":true,\"valueName\":\"search_term_string\"}}],\"inLanguage\":\"es\"},{\"@type\":\"Organization\",\"@id\":\"https:\/\/surtiglobos.bcardmexico.com\/#organization\",\"name\":\"Surti Globos\",\"url\":\"https:\/\/surtiglobos.bcardmexico.com\/\",\"logo\":{\"@type\":\"ImageObject\",\"inLanguage\":\"es\",\"@id\":\"https:\/\/surtiglobos.bcardmexico.com\/#\/schema\/logo\/image\/\",\"url\":\"https:\/\/surtiglobos.bcardmexico.com\/wp-content\/uploads\/2023\/01\/Logo-1.png\",\"contentUrl\":\"https:\/\/surtiglobos.bcardmexico.com\/wp-content\/uploads\/2023\/01\/Logo-1.png\",\"width\":306,\"height\":72,\"caption\":\"Surti Globos\"},\"image\":{\"@id\":\"https:\/\/surtiglobos.bcardmexico.com\/#\/schema\/logo\/image\/\"}}]}<\/script>\n<!-- \/ Yoast SEO Premium plugin. -->","yoast_head_json":{"title":"Latex Retro Hueso - SurtiGlobos","robots":{"index":"index","follow":"follow","max-snippet":"max-snippet:-1","max-image-preview":"max-image-preview:large","max-video-preview":"max-video-preview:-1"},"canonical":"https:\/\/surtiglobos.bcardmexico.com\/?product=latex-retro-hueso","og_locale":"es_MX","og_type":"article","og_title":"Latex Retro Hueso","og_description":"Especificaciones  Ocasi\u00f3n Pascua Modelo \/ Estilo \/ Tipo HMYH505 Cantidad de Piezas 50 Forma C\u00edrculo","og_url":"https:\/\/surtiglobos.bcardmexico.com\/?product=latex-retro-hueso","og_site_name":"SurtiGlobos","article_modified_time":"2026-03-11T22:06:12+00:00","og_image":[{"width":1080,"height":1080,"url":"https:\/\/surtiglobos.bcardmexico.com\/wp-content\/uploads\/2026\/03\/retro-hueso.png","type":"image\/png"}],"twitter_card":"summary_large_image","twitter_misc":{"Tiempo de lectura":"1 minuto"},"schema":{"@context":"https:\/\/schema.org","@graph":[{"@type":"WebPage","@id":"https:\/\/surtiglobos.bcardmexico.com\/?product=latex-retro-hueso","url":"https:\/\/surtiglobos.bcardmexico.com\/?product=latex-retro-hueso","name":"Latex Retro Hueso - SurtiGlobos","isPartOf":{"@id":"https:\/\/surtiglobos.bcardmexico.com\/#website"},"primaryImageOfPage":{"@id":"https:\/\/surtiglobos.bcardmexico.com\/?product=latex-retro-hueso#primaryimage"},"image":{"@id":"https:\/\/surtiglobos.bcardmexico.com\/?product=latex-retro-hueso#primaryimage"},"thumbnailUrl":"https:\/\/surtiglobos.bcardmexico.com\/wp-content\/uploads\/2026\/03\/retro-hueso.png","datePublished":"2026-03-11T21:54:22+00:00","dateModified":"2026-03-11T22:06:12+00:00","breadcrumb":{"@id":"https:\/\/surtiglobos.bcardmexico.com\/?product=latex-retro-hueso#breadcrumb"},"inLanguage":"es","potentialAction":[{"@type":"ReadAction","target":["https:\/\/surtiglobos.bcardmexico.com\/?product=latex-retro-hueso"]}]},{"@type":"ImageObject","inLanguage":"es","@id":"https:\/\/surtiglobos.bcardmexico.com\/?product=latex-retro-hueso#primaryimage","url":"https:\/\/surtiglobos.bcardmexico.com\/wp-content\/uploads\/2026\/03\/retro-hueso.png","contentUrl":"https:\/\/surtiglobos.bcardmexico.com\/wp-content\/uploads\/2026\/03\/retro-hueso.png","width":1080,"height":1080},{"@type":"BreadcrumbList","@id":"https:\/\/surtiglobos.bcardmexico.com\/?product=latex-retro-hueso#breadcrumb","itemListElement":[{"@type":"ListItem","position":1,"name":"Home","item":"https:\/\/surtiglobos.bcardmexico.com\/"},{"@type":"ListItem","position":2,"name":"Shop","item":"https:\/\/surtiglobos.bcardmexico.com\/?page_id=12"},{"@type":"ListItem","position":3,"name":"Latex Retro Hueso"}]},{"@type":"WebSite","@id":"https:\/\/surtiglobos.bcardmexico.com\/#website","url":"https:\/\/surtiglobos.bcardmexico.com\/","name":"Surti Globos","description":"","publisher":{"@id":"https:\/\/surtiglobos.bcardmexico.com\/#organization"},"alternateName":"Surti Globos","potentialAction":[{"@type":"SearchAction","target":{"@type":"EntryPoint","urlTemplate":"https:\/\/surtiglobos.bcardmexico.com\/?s={search_term_string}"},"query-input":{"@type":"PropertyValueSpecification","valueRequired":true,"valueName":"search_term_string"}}],"inLanguage":"es"},{"@type":"Organization","@id":"https:\/\/surtiglobos.bcardmexico.com\/#organization","name":"Surti Globos","url":"https:\/\/surtiglobos.bcardmexico.com\/","logo":{"@type":"ImageObject","inLanguage":"es","@id":"https:\/\/surtiglobos.bcardmexico.com\/#\/schema\/logo\/image\/","url":"https:\/\/surtiglobos.bcardmexico.com\/wp-content\/uploads\/2023\/01\/Logo-1.png","contentUrl":"https:\/\/surtiglobos.bcardmexico.com\/wp-content\/uploads\/2023\/01\/Logo-1.png","width":306,"height":72,"caption":"Surti Globos"},"image":{"@id":"https:\/\/surtiglobos.bcardmexico.com\/#\/schema\/logo\/image\/"}}]}},"_links":{"self":[{"href":"https:\/\/surtiglobos.bcardmexico.com\/index.php?rest_route=\/wp\/v2\/product\/1834","targetHints":{"allow":["GET"]}}],"collection":[{"href":"https:\/\/surtiglobos.bcardmexico.com\/index.php?rest_route=\/wp\/v2\/product"}],"about":[{"href":"https:\/\/surtiglobos.bcardmexico.com\/index.php?rest_route=\/wp\/v2\/types\/product"}],"replies":[{"embeddable":true,"href":"https:\/\/surtiglobos.bcardmexico.com\/index.php?rest_route=%2Fwp%2Fv2%2Fcomments&post=1834"}],"version-history":[{"count":1,"href":"https:\/\/surtiglobos.bcardmexico.com\/index.php?rest_route=\/wp\/v2\/product\/1834\/revisions"}],"predecessor-version":[{"id":1836,"href":"https:\/\/surtiglobos.bcardmexico.com\/index.php?rest_route=\/wp\/v2\/product\/1834\/revisions\/1836"}],"wp:featuredmedia":[{"embeddable":true,"href":"https:\/\/surtiglobos.bcardmexico.com\/index.php?rest_route=\/wp\/v2\/media\/1835"}],"wp:attachment":[{"href":"https:\/\/surtiglobos.bcardmexico.com\/index.php?rest_route=%2Fwp%2Fv2%2Fmedia&parent=1834"}],"wp:term":[{"taxonomy":"brand","embeddable":true,"href":"https:\/\/surtiglobos.bcardmexico.com\/index.php?rest_route=%2Fwp%2Fv2%2Fetheme_brands&post=1834"},{"taxonomy":"product_brand","embeddable":true,"href":"https:\/\/surtiglobos.bcardmexico.com\/index.php?rest_route=%2Fwp%2Fv2%2Fproduct_brand&post=1834"},{"taxonomy":"product_cat","embeddable":true,"href":"https:\/\/surtiglobos.bcardmexico.com\/index.php?rest_route=%2Fwp%2Fv2%2Fproduct_cat&post=1834"},{"taxonomy":"product_tag","embeddable":true,"href":"https:\/\/surtiglobos.bcardmexico.com\/index.php?rest_route=%2Fwp%2Fv2%2Fproduct_tag&post=1834"}],"curies":[{"name":"wp","href":"https:\/\/api.w.org\/{rel}","templated":true}]}}